{"id":1036,"date":"2022-02-17T16:01:49","date_gmt":"2022-02-17T15:01:49","guid":{"rendered":"http:\/\/btfc.no\/wp\/?page_id=1036"},"modified":"2022-02-17T16:02:41","modified_gmt":"2022-02-17T15:02:41","slug":"fa-vase-video","status":"publish","type":"page","link":"http:\/\/btfc.no\/wp\/historikk\/fa-vase-video\/","title":{"rendered":"FA Vase 40 \u00e5r"},"content":{"rendered":"<p><strong>Billericay Town<\/strong> skrev seg inn i historieb\u00f8kene sent p\u00e5 70-tallet, da de ble det eneste laget som har vunnet FA Vase tre ganger. Det skjedde i 1976, 1977 og 1979.<\/p>\n<p>I den siste finalen, mot Almondsbury Greenway, vant laget 4-1 og spissen Doug Young scoret hat-trick. Det var det f\u00f8rste hat-tricket som ble scoret i en offisiell kamp p\u00e5 Wembley siden Geoff Hurst gjorde det samme i VM-finalen i 1966. Doug Young var for \u00f8vrig i flere proffklubbers s\u00f8kelys, men m\u00e5tte legge opp p\u00e5 grunn av skader.<\/p>\n<p><img data-recalc-dims=\"1\" loading=\"lazy\" decoding=\"async\" class=\"alignleft size-medium wp-image-1038\" src=\"https:\/\/i0.wp.com\/btfc.no\/wp\/wp-content\/uploads\/2022\/02\/c77c72462a168e008ff90201719562c3_original.png?resize=300%2C188\" alt=\"\" width=\"300\" height=\"188\" srcset=\"https:\/\/i0.wp.com\/btfc.no\/wp\/wp-content\/uploads\/2022\/02\/c77c72462a168e008ff90201719562c3_original.png?resize=300%2C188 300w, https:\/\/i0.wp.com\/btfc.no\/wp\/wp-content\/uploads\/2022\/02\/c77c72462a168e008ff90201719562c3_original.png?w=680 680w\" sizes=\"auto, (max-width: 300px) 100vw, 300px\" \/>FA Vase er en fotballturnering for de nedre regionale divisjonene i engelsk fotball. Inntil 1974 hadde man FA Amateur Cup, men i 1974 begynte spillere i de \u00f8verste amat\u00f8rklubbene \u00e5 tjene penger og da splittet man turneringen opp i FA Trophy og FA Vase.<\/p>\n<p>Det er n\u00e5 bare lag i 9 niv\u00e5 i England og under som f\u00e5r spille i FA Vase.<\/p>\n<figure id=\"attachment_470\" aria-describedby=\"caption-attachment-470\" style=\"width: 300px\" class=\"wp-caption alignright\"><img data-recalc-dims=\"1\" loading=\"lazy\" decoding=\"async\" class=\"size-medium wp-image-470\" src=\"https:\/\/i0.wp.com\/btfc.no\/wp\/wp-content\/uploads\/2022\/02\/photo_94.jpg?resize=300%2C225\" alt=\"\" width=\"300\" height=\"225\" srcset=\"https:\/\/i0.wp.com\/btfc.no\/wp\/wp-content\/uploads\/2022\/02\/photo_94.jpg?resize=300%2C225 300w, https:\/\/i0.wp.com\/btfc.no\/wp\/wp-content\/uploads\/2022\/02\/photo_94.jpg?w=600 600w\" sizes=\"auto, (max-width: 300px) 100vw, 300px\" \/><figcaption id=\"caption-attachment-470\" class=\"wp-caption-text\">Sammen med Doug Young.<\/figcaption><\/figure>\n<p>I forbindelse med 40-\u00e5rsjubileet ble det laget en jubileumsfilm via s\u00e5kalt folkefinansiering &#8211; crowdfunding.<\/p>\n<p>Den inneholdt film fra finalene og intervjuer med flere av spillerne p\u00e5 den tiden. Mange av disse opptakene har v\u00e6rt vanskelige \u00e5 f\u00e5 tak i og mange av opptakene best\u00e5r av 16 mm-film!<\/p>\n<p>Undertegnede har hatt gleden av \u00e5 treffe flere av disse p\u00e5 New Lodge, b\u00e5de managerlegenden John Newman og FA Vase-legenden Doug Young. Begge var utrolig hyggelige folk, og jeg h\u00e5per at det er mulig \u00e5 treffe dem igjen en gang.<\/p>\n<p>Under kan du se hele filmen p\u00e5 YouTube. Det er en ganske utrolig historie &#8211; og vel verdt tiden!<\/p>\n<div class=\"jetpack-video-wrapper\"><span class=\"embed-youtube\" style=\"text-align:center; display: block;\"><iframe loading=\"lazy\" class=\"youtube-player\" width=\"640\" height=\"360\" src=\"https:\/\/www.youtube.com\/embed\/J20pZqduUv4?version=3&#038;rel=1&#038;showsearch=0&#038;showinfo=1&#038;iv_load_policy=1&#038;fs=1&#038;hl=nb-NO&#038;autohide=2&#038;wmode=transparent\" allowfullscreen=\"true\" style=\"border:0;\" sandbox=\"allow-scripts allow-same-origin allow-popups allow-presentation allow-popups-to-escape-sandbox\"><\/iframe><\/span><\/div>\n<p>&nbsp;<\/p>\n","protected":false},"excerpt":{"rendered":"<p>Billericay Town skrev seg inn i historieb\u00f8kene sent p\u00e5 70-tallet, da de ble det eneste laget som har vunnet FA Vase tre ganger. Det skjedde<\/p>\n","protected":false},"author":1,"featured_media":1037,"parent":27,"menu_order":0,"comment_status":"closed","ping_status":"closed","template":"","meta":{"jetpack_post_was_ever_published":false,"footnotes":""},"class_list":["post-1036","page","type-page","status-publish","has-post-thumbnail","hentry"],"jetpack_sharing_enabled":true,"jetpack_shortlink":"https:\/\/wp.me\/P7Sgte-gI","jetpack_likes_enabled":true,"_links":{"self":[{"href":"http:\/\/btfc.no\/wp\/wp-json\/wp\/v2\/pages\/1036","targetHints":{"allow":["GET"]}}],"collection":[{"href":"http:\/\/btfc.no\/wp\/wp-json\/wp\/v2\/pages"}],"about":[{"href":"http:\/\/btfc.no\/wp\/wp-json\/wp\/v2\/types\/page"}],"author":[{"embeddable":true,"href":"http:\/\/btfc.no\/wp\/wp-json\/wp\/v2\/users\/1"}],"replies":[{"embeddable":true,"href":"http:\/\/btfc.no\/wp\/wp-json\/wp\/v2\/comments?post=1036"}],"version-history":[{"count":3,"href":"http:\/\/btfc.no\/wp\/wp-json\/wp\/v2\/pages\/1036\/revisions"}],"predecessor-version":[{"id":1041,"href":"http:\/\/btfc.no\/wp\/wp-json\/wp\/v2\/pages\/1036\/revisions\/1041"}],"up":[{"embeddable":true,"href":"http:\/\/btfc.no\/wp\/wp-json\/wp\/v2\/pages\/27"}],"wp:featuredmedia":[{"embeddable":true,"href":"http:\/\/btfc.no\/wp\/wp-json\/wp\/v2\/media\/1037"}],"wp:attachment":[{"href":"http:\/\/btfc.no\/wp\/wp-json\/wp\/v2\/media?parent=1036"}],"curies":[{"name":"wp","href":"https:\/\/api.w.org\/{rel}","templated":true}]}}